{"id":19321,"date":"2019-09-23T05:57:50","date_gmt":"2019-09-23T05:57:50","guid":{"rendered":"https:\/\/dmpro.app\/?page_id=19321"},"modified":"2025-07-01T15:34:23","modified_gmt":"2025-07-01T15:34:23","slug":"contact-us","status":"publish","type":"page","link":"https:\/\/a4.dmpro.app\/es\/contact-us\/","title":{"rendered":"Contacte con nosotros"},"content":{"rendered":"<div data-elementor-type=\"wp-page\" data-elementor-id=\"19321\" class=\"elementor elementor-19321\">\n\t\t\t\t\t\t<section class=\"elementor-section elementor-top-section elementor-element elementor-element-4b7383c1 elementor-section-stretched elementor-section-height-min-height elementor-section-items-top elementor-section-boxed elementor-section-height-default\" data-id=\"4b7383c1\" data-element_type=\"section\" data-settings=\"{&quot;stretch_section&quot;:&quot;section-stretched&quot;,&quot;background_background&quot;:&quot;classic&quot;}\">\n\t\t\t\t\t\t<div class=\"elementor-container elementor-column-gap-default\">\n\t\t\t\t\t<div class=\"elementor-column elementor-col-100 elementor-top-column elementor-element elementor-element-5f9fbeb\" data-id=\"5f9fbeb\" data-element_type=\"column\">\n\t\t\t<div class=\"elementor-widget-wrap elementor-element-populated\">\n\t\t\t\t\t\t<div class=\"elementor-element elementor-element-1a2fd601 elementor-widget elementor-widget-heading\" data-id=\"1a2fd601\" data-element_type=\"widget\" data-widget_type=\"heading.default\">\n\t\t\t\t<div class=\"elementor-widget-container\">\n\t\t\t\t\t<h1 class=\"elementor-heading-title elementor-size-default\">\nContacte con nosotros<\/h1>\t\t\t\t<\/div>\n\t\t\t\t<\/div>\n\t\t\t\t\t<\/div>\n\t\t<\/div>\n\t\t\t\t\t<\/div>\n\t\t<\/section>\n\t\t\t\t<section class=\"elementor-section elementor-top-section elementor-element elementor-element-4c5b9ac1 elementor-section-stretched elementor-section-height-min-height elementor-section-boxed elementor-section-height-default elementor-section-items-middle\" data-id=\"4c5b9ac1\" data-element_type=\"section\" data-settings=\"{&quot;stretch_section&quot;:&quot;section-stretched&quot;,&quot;background_background&quot;:&quot;classic&quot;}\">\n\t\t\t\t\t\t<div class=\"elementor-container elementor-column-gap-default\">\n\t\t\t\t\t<div class=\"elementor-column elementor-col-100 elementor-top-column elementor-element elementor-element-a459e74\" data-id=\"a459e74\" data-element_type=\"column\">\n\t\t\t<div class=\"elementor-widget-wrap elementor-element-populated\">\n\t\t\t\t\t\t<section class=\"elementor-section elementor-inner-section elementor-element elementor-element-43fae8b4 elementor-section-height-min-height elementor-section-boxed elementor-section-height-default\" data-id=\"43fae8b4\" data-element_type=\"section\" data-settings=\"{&quot;background_background&quot;:&quot;classic&quot;}\">\n\t\t\t\t\t\t<div class=\"elementor-container elementor-column-gap-default\">\n\t\t\t\t\t<div class=\"elementor-column elementor-col-50 elementor-inner-column elementor-element elementor-element-5025e63\" data-id=\"5025e63\" data-element_type=\"column\">\n\t\t\t<div class=\"elementor-widget-wrap elementor-element-populated\">\n\t\t\t\t\t\t<div class=\"elementor-element elementor-element-f2b3b8c elementor-widget__width-initial elementor-widget elementor-widget-text-editor\" data-id=\"f2b3b8c\" data-element_type=\"widget\" data-widget_type=\"text-editor.default\">\n\t\t\t\t<div class=\"elementor-widget-container\">\n\t\t\t\t\t\t\t\t\t<p>Nuestro chat en l\u00ednea est\u00e1 disponible de lunes a viernes (EST) de 7 a 16 horas.<br><br>Tambi\u00e9n puede ponerse en contacto con nosotros a trav\u00e9s de&nbsp;<a href=\"mailto:of@ainfluencer.com\" target=\"_blank\">OF@ainfluencer.com<\/a>&nbsp;<br>o en&nbsp;<a href=\"https:\/\/api.whatsapp.com\/send\/?phone=16476384425&amp;text&amp;type=phone_number&amp;app_absent=0\" target=\"_blank\">Chat de Whatsapp a trav\u00e9s del +1 (647) 638-4425<\/a><a href=\"http:\/\/wa.me\/13177624109\">.<\/a><\/p>\n<p><strong style=\"font-style: inherit; color: var( --e-global-color-text );\">Para cualquier consulta adicional, puede <a href=\"https:\/\/calendly.com\/ainfluencer\/meet_cyrus_at_ainfluencer\">reserve una visita guiada con nuestro equipo de asistencia aqu\u00ed.&nbsp;<\/a><\/strong><\/p><p>Para <b>Cuestiones relacionadas con la DMCA<\/b> p\u00f3ngase en contacto con nosotros.&nbsp;<\/p>\t\t\t\t\t\t\t\t<\/div>\n\t\t\t\t<\/div>\n\t\t\t\t\t<\/div>\n\t\t<\/div>\n\t\t\t\t<div class=\"elementor-column elementor-col-50 elementor-inner-column elementor-element elementor-element-245ef8e\" data-id=\"245ef8e\" data-element_type=\"column\">\n\t\t\t<div class=\"elementor-widget-wrap elementor-element-populated\">\n\t\t\t\t\t\t<div class=\"elementor-element elementor-element-ab6dc13 elementor-widget elementor-widget-image\" data-id=\"ab6dc13\" data-element_type=\"widget\" data-widget_type=\"image.default\">\n\t\t\t\t<div class=\"elementor-widget-container\">\n\t\t\t\t\t\t\t\t\t\t\t\t\t\t\t<img fetchpriority=\"high\" decoding=\"async\" width=\"315\" height=\"232\" src=\"https:\/\/a4.dmpro.app\/wp-content\/uploads\/2025\/07\/01-01.svg\" class=\"attachment-full size-full wp-image-27704\" alt=\"\" \/>\t\t\t\t\t\t\t\t\t\t\t\t\t\t\t<\/div>\n\t\t\t\t<\/div>\n\t\t\t\t\t<\/div>\n\t\t<\/div>\n\t\t\t\t\t<\/div>\n\t\t<\/section>\n\t\t\t\t\t<\/div>\n\t\t<\/div>\n\t\t\t\t\t<\/div>\n\t\t<\/section>\n\t\t\t\t<\/div>","protected":false},"excerpt":{"rendered":"<p>Cont\u00e1ctenos Nuestro chat en l\u00ednea est\u00e1 disponible de lunes a viernes (EST) de 7am a 4pm. Tambi\u00e9n puede ponerse en contacto con nosotros a trav\u00e9s de OF@ainfluencer.com o del chat de Whatsapp +1 (647) 638-4425. Para cualquier consulta adicional, puede reservar una visita con nuestro equipo de soporte aqu\u00ed.  Si tiene problemas con la DMCA, p\u00f3ngase en contacto con nosotros.&nbsp;<\/p>","protected":false},"author":26,"featured_media":0,"parent":0,"menu_order":0,"comment_status":"closed","ping_status":"closed","template":"elementor_header_footer","meta":{"om_disable_all_campaigns":false,"_uag_custom_page_level_css":"","site-sidebar-layout":"no-sidebar","site-content-layout":"default","ast-site-content-layout":"","site-content-style":"default","site-sidebar-style":"default","ast-global-header-display":"","ast-banner-title-visibility":"","ast-main-header-display":"","ast-hfb-above-header-display":"","ast-hfb-below-header-display":"","ast-hfb-mobile-header-display":"","site-post-title":"","ast-breadcrumbs-content":"","ast-featured-img":"","footer-sml-layout":"","theme-transparent-header-meta":"default","adv-header-id-meta":"","stick-header-meta":"","header-above-stick-meta":"","header-main-stick-meta":"","header-below-stick-meta":"","astra-migrate-meta-layouts":"default","ast-page-background-enabled":"default","ast-page-background-meta":{"desktop":{"background-color":"var(--ast-global-color-4)","background-image":"","background-repeat":"repeat","background-position":"center center","background-size":"auto","background-attachment":"scroll","background-type":"","background-media":"","overlay-type":"","overlay-color":"","overlay-opacity":"","overlay-gradient":""},"tablet":{"background-color":"","background-image":"","background-repeat":"repeat","background-position":"center center","background-size":"auto","background-attachment":"scroll","background-type":"","background-media":"","overlay-type":"","overlay-color":"","overlay-opacity":"","overlay-gradient":""},"mobile":{"background-color":"","background-image":"","background-repeat":"repeat","background-position":"center center","background-size":"auto","background-attachment":"scroll","background-type":"","background-media":"","overlay-type":"","overlay-color":"","overlay-opacity":"","overlay-gradient":""}},"ast-content-background-meta":{"desktop":{"background-color":"var(--ast-global-color-5)","background-image":"","background-repeat":"repeat","background-position":"center center","background-size":"auto","background-attachment":"scroll","background-type":"","background-media":"","overlay-type":"","overlay-color":"","overlay-opacity":"","overlay-gradient":""},"tablet":{"background-color":"var(--ast-global-color-5)","background-image":"","background-repeat":"repeat","background-position":"center center","background-size":"auto","background-attachment":"scroll","background-type":"","background-media":"","overlay-type":"","overlay-color":"","overlay-opacity":"","overlay-gradient":""},"mobile":{"background-color":"var(--ast-global-color-5)","background-image":"","background-repeat":"repeat","background-position":"center center","background-size":"auto","background-attachment":"scroll","background-type":"","background-media":"","overlay-type":"","overlay-color":"","overlay-opacity":"","overlay-gradient":""}},"footnotes":""},"class_list":["post-19321","page","type-page","status-publish","hentry"],"uagb_featured_image_src":{"full":false,"thumbnail":false,"medium":false,"medium_large":false,"large":false,"1536x1536":false,"2048x2048":false,"trp-custom-language-flag":false,"portfolio-full":false,"portfolio-one":false,"portfolio-two":false,"portfolio-three":false,"portfolio-five":false},"uagb_author_info":{"display_name":"Cy N","author_link":"https:\/\/a4.dmpro.app\/es\/author\/cyrus\/"},"uagb_comment_info":0,"uagb_excerpt":"Contact Us Our online chat is available from Monday to Friday (EST) from 7am to 4pm. You can also reach us via&nbsp;OF@ainfluencer.com&nbsp;or on&nbsp;Whatsapp Chat via +1 (647) 638-4425. For any additional inquiries,you may book a walkthrough with our support team here.&nbsp; For DMCA issues contact us.&nbsp;","_links":{"self":[{"href":"https:\/\/a4.dmpro.app\/es\/wp-json\/wp\/v2\/pages\/19321","targetHints":{"allow":["GET"]}}],"collection":[{"href":"https:\/\/a4.dmpro.app\/es\/wp-json\/wp\/v2\/pages"}],"about":[{"href":"https:\/\/a4.dmpro.app\/es\/wp-json\/wp\/v2\/types\/page"}],"author":[{"embeddable":true,"href":"https:\/\/a4.dmpro.app\/es\/wp-json\/wp\/v2\/users\/26"}],"replies":[{"embeddable":true,"href":"https:\/\/a4.dmpro.app\/es\/wp-json\/wp\/v2\/comments?post=19321"}],"version-history":[{"count":5,"href":"https:\/\/a4.dmpro.app\/es\/wp-json\/wp\/v2\/pages\/19321\/revisions"}],"predecessor-version":[{"id":27716,"href":"https:\/\/a4.dmpro.app\/es\/wp-json\/wp\/v2\/pages\/19321\/revisions\/27716"}],"wp:attachment":[{"href":"https:\/\/a4.dmpro.app\/es\/wp-json\/wp\/v2\/media?parent=19321"}],"curies":[{"name":"wp","href":"https:\/\/api.w.org\/{rel}","templated":true}]}}