{"id":23475,"date":"2023-09-25T17:03:52","date_gmt":"2023-09-25T17:03:52","guid":{"rendered":"https:\/\/dmpro.app\/?page_id=23475"},"modified":"2023-10-31T16:28:06","modified_gmt":"2023-10-31T16:28:06","slug":"new-home-page-2","status":"publish","type":"page","link":"https:\/\/a4.dmpro.app\/es\/new-home-page-2\/","title":{"rendered":"nueva p\u00e1gina de inicio"},"content":{"rendered":"<div data-elementor-type=\"wp-page\" data-elementor-id=\"23475\" class=\"elementor elementor-23475\">\n\t\t\t\t\t\t<section class=\"elementor-section elementor-top-section elementor-element elementor-element-abe123c elementor-section-height-min-height elementor-section-boxed elementor-section-height-default elementor-section-items-middle\" data-id=\"abe123c\" data-element_type=\"section\" data-settings=\"{&quot;background_background&quot;:&quot;classic&quot;}\">\n\t\t\t\t\t\t<div class=\"elementor-container elementor-column-gap-default\">\n\t\t\t\t\t<div class=\"elementor-column elementor-col-50 elementor-top-column elementor-element elementor-element-0d6c6bb\" data-id=\"0d6c6bb\" data-element_type=\"column\">\n\t\t\t<div class=\"elementor-widget-wrap elementor-element-populated\">\n\t\t\t\t\t\t<div class=\"elementor-element elementor-element-ab1d1be elementor-widget elementor-widget-image\" data-id=\"ab1d1be\" data-element_type=\"widget\" data-widget_type=\"image.default\">\n\t\t\t\t<div class=\"elementor-widget-container\">\n\t\t\t\t\t\t\t\t\t\t\t\t\t\t\t<img fetchpriority=\"high\" decoding=\"async\" width=\"903\" height=\"827\" src=\"https:\/\/a4.dmpro.app\/wp-content\/uploads\/2023\/09\/01-4.png\" class=\"attachment-full size-full wp-image-23539\" alt=\"\" srcset=\"https:\/\/a4.dmpro.app\/wp-content\/uploads\/2023\/09\/01-4.png 903w, https:\/\/a4.dmpro.app\/wp-content\/uploads\/2023\/09\/01-4-300x275.png 300w, https:\/\/a4.dmpro.app\/wp-content\/uploads\/2023\/09\/01-4-768x703.png 768w\" sizes=\"(max-width: 903px) 100vw, 903px\" \/>\t\t\t\t\t\t\t\t\t\t\t\t\t\t\t<\/div>\n\t\t\t\t<\/div>\n\t\t\t\t\t<\/div>\n\t\t<\/div>\n\t\t\t\t<div class=\"elementor-column elementor-col-50 elementor-top-column elementor-element elementor-element-dedb6d5\" data-id=\"dedb6d5\" data-element_type=\"column\">\n\t\t\t<div class=\"elementor-widget-wrap elementor-element-populated\">\n\t\t\t\t\t\t<div class=\"elementor-element elementor-element-5e633f4 elementor-widget elementor-widget-heading\" data-id=\"5e633f4\" data-element_type=\"widget\" data-widget_type=\"heading.default\">\n\t\t\t\t<div class=\"elementor-widget-container\">\n\t\t\t\t\t<h1 class=\"elementor-heading-title elementor-size-default\">Generaci\u00f3n de contactos y ventas<\/br> Mensajes directos de Instagram con DMpro<\/h1>\t\t\t\t<\/div>\n\t\t\t\t<\/div>\n\t\t\t\t<div class=\"elementor-element elementor-element-352ca6e elementor-widget elementor-widget-text-editor\" data-id=\"352ca6e\" data-element_type=\"widget\" data-widget_type=\"text-editor.default\">\n\t\t\t\t<div class=\"elementor-widget-container\">\n\t\t\t\t\t\t\t\t\t<p>Su Asistente Virtual de DM Convirtiendo Mensajes en Resultados. Un asistente en vivo proporciona mensajer\u00eda sin esfuerzo para aumentar el compromiso, el crecimiento y la generaci\u00f3n de leads.<\/p>\t\t\t\t\t\t\t\t<\/div>\n\t\t\t\t<\/div>\n\t\t\t\t<div class=\"elementor-element elementor-element-b0483fe elementor-align-left elementor-widget elementor-widget-button\" data-id=\"b0483fe\" data-element_type=\"widget\" data-widget_type=\"button.default\">\n\t\t\t\t<div class=\"elementor-widget-container\">\n\t\t\t\t\t\t\t\t\t<div class=\"elementor-button-wrapper\">\n\t\t\t\t\t<a class=\"elementor-button elementor-button-link elementor-size-lg elementor-animation-hang\" href=\"https:\/\/app.dmpro.app\/signup\">\n\t\t\t\t\t\t<span class=\"elementor-button-content-wrapper\">\n\t\t\t\t\t\t\t\t\t<span class=\"elementor-button-text\">Empezar gratis hoy<\/span>\n\t\t\t\t\t<\/span>\n\t\t\t\t\t<\/a>\n\t\t\t\t<\/div>\n\t\t\t\t\t\t\t\t<\/div>\n\t\t\t\t<\/div>\n\t\t\t\t\t<\/div>\n\t\t<\/div>\n\t\t\t\t\t<\/div>\n\t\t<\/section>\n\t\t\t\t<section class=\"elementor-section elementor-top-section elementor-element elementor-element-a966ab6 elementor-section-boxed elementor-section-height-default elementor-section-height-default\" data-id=\"a966ab6\" data-element_type=\"section\">\n\t\t\t\t\t\t<div class=\"elementor-container elementor-column-gap-default\">\n\t\t\t\t\t<div class=\"elementor-column elementor-col-100 elementor-top-column elementor-element elementor-element-ad38164\" data-id=\"ad38164\" data-element_type=\"column\">\n\t\t\t<div class=\"elementor-widget-wrap elementor-element-populated\">\n\t\t\t\t\t\t<div class=\"elementor-element elementor-element-73f0f95 elementor-widget elementor-widget-heading\" data-id=\"73f0f95\" data-element_type=\"widget\" data-widget_type=\"heading.default\">\n\t\t\t\t<div class=\"elementor-widget-container\">\n\t\t\t\t\t<h2 class=\"elementor-heading-title elementor-size-default\">Art\u00edculos de belleza<\/h2>\t\t\t\t<\/div>\n\t\t\t\t<\/div>\n\t\t\t\t<div class=\"elementor-element elementor-element-96fac1c elementor-widget elementor-widget-posts\" data-id=\"96fac1c\" data-element_type=\"widget\" data-widget_type=\"posts.cards\">\n\t\t\t\t<div class=\"elementor-widget-container\">\n\t\t\t\t\t \t\t\t\t<\/div>\n\t\t\t\t<\/div>\n\t\t\t\t\t<\/div>\n\t\t<\/div>\n\t\t\t\t\t<\/div>\n\t\t<\/section>\n\t\t\t\t<section class=\"elementor-section elementor-top-section elementor-element elementor-element-b3a4e19 elementor-section-boxed elementor-section-height-default elementor-section-height-default\" data-id=\"b3a4e19\" data-element_type=\"section\">\n\t\t\t\t\t\t<div class=\"elementor-container elementor-column-gap-default\">\n\t\t\t\t\t<div class=\"elementor-column elementor-col-100 elementor-top-column elementor-element elementor-element-13c7f77\" data-id=\"13c7f77\" data-element_type=\"column\">\n\t\t\t<div class=\"elementor-widget-wrap elementor-element-populated\">\n\t\t\t\t\t\t<div class=\"elementor-element elementor-element-dea5acf elementor-widget elementor-widget-heading\" data-id=\"dea5acf\" data-element_type=\"widget\" data-widget_type=\"heading.default\">\n\t\t\t\t<div class=\"elementor-widget-container\">\n\t\t\t\t\t<h2 class=\"elementor-heading-title elementor-size-default\">\u00daltimos comentarios<\/h2>\t\t\t\t<\/div>\n\t\t\t\t<\/div>\n\t\t\t\t<div class=\"elementor-element elementor-element-006ba59 elementor-widget elementor-widget-posts\" data-id=\"006ba59\" data-element_type=\"widget\" data-widget_type=\"posts.cards\">\n\t\t\t\t<div class=\"elementor-widget-container\">\n\t\t\t\t\t \t\t\t\t<\/div>\n\t\t\t\t<\/div>\n\t\t\t\t\t<\/div>\n\t\t<\/div>\n\t\t\t\t\t<\/div>\n\t\t<\/section>\n\t\t\t\t<\/div>","protected":false},"excerpt":{"rendered":"<p>Genere clientes potenciales y ventas utilizando mensajes directos de Instagram con DMpro Su asistente virtual de DM que convierte mensajes en resultados. Un asistente en vivo proporciona mensajer\u00eda sin esfuerzo para aumentar el compromiso, el crecimiento y la generaci\u00f3n de leads. Comience gratis hoy Feautre Art\u00edculos \u00daltimos comentarios<\/p>","protected":false},"author":26,"featured_media":0,"parent":0,"menu_order":0,"comment_status":"closed","ping_status":"closed","template":"","meta":{"om_disable_all_campaigns":false,"_uag_custom_page_level_css":"","site-sidebar-layout":"no-sidebar","site-content-layout":"page-builder","ast-site-content-layout":"","site-content-style":"default","site-sidebar-style":"default","ast-global-header-display":"","ast-banner-title-visibility":"","ast-main-header-display":"","ast-hfb-above-header-display":"","ast-hfb-below-header-display":"","ast-hfb-mobile-header-display":"","site-post-title":"disabled","ast-breadcrumbs-content":"","ast-featured-img":"disabled","footer-sml-layout":"","theme-transparent-header-meta":"","adv-header-id-meta":"","stick-header-meta":"","header-above-stick-meta":"","header-main-stick-meta":"","header-below-stick-meta":"","astra-migrate-meta-layouts":"default","ast-page-background-enabled":"default","ast-page-background-meta":{"desktop":{"background-color":"var(--ast-global-color-4)","background-image":"","background-repeat":"repeat","background-position":"center center","background-size":"auto","background-attachment":"scroll","background-type":"","background-media":"","overlay-type":"","overlay-color":"","overlay-opacity":"","overlay-gradient":""},"tablet":{"background-color":"","background-image":"","background-repeat":"repeat","background-position":"center center","background-size":"auto","background-attachment":"scroll","background-type":"","background-media":"","overlay-type":"","overlay-color":"","overlay-opacity":"","overlay-gradient":""},"mobile":{"background-color":"","background-image":"","background-repeat":"repeat","background-position":"center center","background-size":"auto","background-attachment":"scroll","background-type":"","background-media":"","overlay-type":"","overlay-color":"","overlay-opacity":"","overlay-gradient":""}},"ast-content-background-meta":{"desktop":{"background-color":"var(--ast-global-color-5)","background-image":"","background-repeat":"repeat","background-position":"center center","background-size":"auto","background-attachment":"scroll","background-type":"","background-media":"","overlay-type":"","overlay-color":"","overlay-opacity":"","overlay-gradient":""},"tablet":{"background-color":"var(--ast-global-color-5)","background-image":"","background-repeat":"repeat","background-position":"center center","background-size":"auto","background-attachment":"scroll","background-type":"","background-media":"","overlay-type":"","overlay-color":"","overlay-opacity":"","overlay-gradient":""},"mobile":{"background-color":"var(--ast-global-color-5)","background-image":"","background-repeat":"repeat","background-position":"center center","background-size":"auto","background-attachment":"scroll","background-type":"","background-media":"","overlay-type":"","overlay-color":"","overlay-opacity":"","overlay-gradient":""}},"footnotes":""},"class_list":["post-23475","page","type-page","status-publish","hentry"],"uagb_featured_image_src":{"full":false,"thumbnail":false,"medium":false,"medium_large":false,"large":false,"1536x1536":false,"2048x2048":false,"trp-custom-language-flag":false,"portfolio-full":false,"portfolio-one":false,"portfolio-two":false,"portfolio-three":false,"portfolio-five":false},"uagb_author_info":{"display_name":"Cy N","author_link":"https:\/\/a4.dmpro.app\/es\/author\/cyrus\/"},"uagb_comment_info":0,"uagb_excerpt":"Generate Leads and Sales Using Instagram Direct Messages with DMpro Your Virtual DM Assistant Turning Messages Into Results. A live attendant provides effortless messaging for increased engagement, growth and lead generation. Start Free Today Feautre Articles Latest Reviews","_links":{"self":[{"href":"https:\/\/a4.dmpro.app\/es\/wp-json\/wp\/v2\/pages\/23475","targetHints":{"allow":["GET"]}}],"collection":[{"href":"https:\/\/a4.dmpro.app\/es\/wp-json\/wp\/v2\/pages"}],"about":[{"href":"https:\/\/a4.dmpro.app\/es\/wp-json\/wp\/v2\/types\/page"}],"author":[{"embeddable":true,"href":"https:\/\/a4.dmpro.app\/es\/wp-json\/wp\/v2\/users\/26"}],"replies":[{"embeddable":true,"href":"https:\/\/a4.dmpro.app\/es\/wp-json\/wp\/v2\/comments?post=23475"}],"version-history":[{"count":0,"href":"https:\/\/a4.dmpro.app\/es\/wp-json\/wp\/v2\/pages\/23475\/revisions"}],"wp:attachment":[{"href":"https:\/\/a4.dmpro.app\/es\/wp-json\/wp\/v2\/media?parent=23475"}],"curies":[{"name":"wp","href":"https:\/\/api.w.org\/{rel}","templated":true}]}}