{"id":24607,"date":"2024-08-19T18:35:43","date_gmt":"2024-08-19T18:35:43","guid":{"rendered":"https:\/\/dmpro.app\/?page_id=24607"},"modified":"2024-08-20T09:36:46","modified_gmt":"2024-08-20T09:36:46","slug":"pricing-2","status":"publish","type":"page","link":"https:\/\/a4.dmpro.app\/es\/pricing-2\/","title":{"rendered":"precios"},"content":{"rendered":"<div data-elementor-type=\"wp-page\" data-elementor-id=\"24607\" class=\"elementor elementor-24607\">\n\t\t\t\t\t\t<section class=\"elementor-section elementor-top-section elementor-element elementor-element-0c6fcf7 elementor-section-boxed elementor-section-height-default elementor-section-height-default\" data-id=\"0c6fcf7\" data-element_type=\"section\">\n\t\t\t\t\t\t<div class=\"elementor-container elementor-column-gap-default\">\n\t\t\t\t\t<div class=\"elementor-column elementor-col-33 elementor-top-column elementor-element elementor-element-28e129f\" data-id=\"28e129f\" data-element_type=\"column\" data-settings=\"{&quot;background_background&quot;:&quot;classic&quot;}\">\n\t\t\t<div class=\"elementor-widget-wrap elementor-element-populated\">\n\t\t\t\t\t\t<div class=\"elementor-element elementor-element-395bcd8 elementor-widget elementor-widget-heading\" data-id=\"395bcd8\" data-element_type=\"widget\" data-widget_type=\"heading.default\">\n\t\t\t\t<div class=\"elementor-widget-container\">\n\t\t\t\t\t<p class=\"elementor-heading-title elementor-size-default\">DM Gestionado Avanzado\n\n<\/p>\t\t\t\t<\/div>\n\t\t\t\t<\/div>\n\t\t\t\t\t<\/div>\n\t\t<\/div>\n\t\t\t\t<div class=\"elementor-column elementor-col-33 elementor-top-column elementor-element elementor-element-afda2f4\" data-id=\"afda2f4\" data-element_type=\"column\" data-settings=\"{&quot;background_background&quot;:&quot;classic&quot;}\">\n\t\t\t<div class=\"elementor-widget-wrap elementor-element-populated\">\n\t\t\t\t\t\t<div class=\"elementor-element elementor-element-ffdc049 elementor-widget elementor-widget-heading\" data-id=\"ffdc049\" data-element_type=\"widget\" data-widget_type=\"heading.default\">\n\t\t\t\t<div class=\"elementor-widget-container\">\n\t\t\t\t\t<p class=\"elementor-heading-title elementor-size-default\">DM Gestionado Est\u00e1ndar<\/p>\t\t\t\t<\/div>\n\t\t\t\t<\/div>\n\t\t\t\t\t<\/div>\n\t\t<\/div>\n\t\t\t\t<div class=\"elementor-column elementor-col-33 elementor-top-column elementor-element elementor-element-d8a03e4\" data-id=\"d8a03e4\" data-element_type=\"column\" data-settings=\"{&quot;background_background&quot;:&quot;classic&quot;}\">\n\t\t\t<div class=\"elementor-widget-wrap elementor-element-populated\">\n\t\t\t\t\t\t<div class=\"elementor-element elementor-element-f22ba42 elementor-widget elementor-widget-heading\" data-id=\"f22ba42\" data-element_type=\"widget\" data-widget_type=\"heading.default\">\n\t\t\t\t<div class=\"elementor-widget-container\">\n\t\t\t\t\t<p class=\"elementor-heading-title elementor-size-default\">DM Gestionado Premium\n\n<\/p>\t\t\t\t<\/div>\n\t\t\t\t<\/div>\n\t\t\t\t\t<\/div>\n\t\t<\/div>\n\t\t\t\t\t<\/div>\n\t\t<\/section>\n\t\t\t\t<\/div>","protected":false},"excerpt":{"rendered":"<p>DM Gestionado Avanzado Mensual Trimestral Semestral Anual Equipo Gestionado Dedicado Manual Mensajer\u00eda Sin Riesgo Mensajer\u00eda Personalizada Targeting Avanzado Targeting Nuevos Seguidores Targeting Seguidores Actuales Targeting Ubicaci\u00f3n Targeting Hashtag Targeting G\u00e9nero Targeting Edad Targeting Influencer Targeting Hot Lead List Targeting Informes Semanales Regulares Mensajes Entregados Garantizados 24\/7 Soporte por Email y WhatsApp Empezar Ahora Equipo Gestionado Dedicado Manual [...]<\/p>","protected":false},"author":26,"featured_media":0,"parent":0,"menu_order":0,"comment_status":"closed","ping_status":"closed","template":"","meta":{"om_disable_all_campaigns":false,"_uag_custom_page_level_css":"","site-sidebar-layout":"no-sidebar","site-content-layout":"page-builder","ast-site-content-layout":"","site-content-style":"default","site-sidebar-style":"default","ast-global-header-display":"","ast-banner-title-visibility":"","ast-main-header-display":"","ast-hfb-above-header-display":"","ast-hfb-below-header-display":"","ast-hfb-mobile-header-display":"","site-post-title":"disabled","ast-breadcrumbs-content":"","ast-featured-img":"disabled","footer-sml-layout":"","theme-transparent-header-meta":"","adv-header-id-meta":"","stick-header-meta":"","header-above-stick-meta":"","header-main-stick-meta":"","header-below-stick-meta":"","astra-migrate-meta-layouts":"default","ast-page-background-enabled":"default","ast-page-background-meta":{"desktop":{"background-color":"var(--ast-global-color-4)","background-image":"","background-repeat":"repeat","background-position":"center center","background-size":"auto","background-attachment":"scroll","background-type":"","background-media":"","overlay-type":"","overlay-color":"","overlay-opacity":"","overlay-gradient":""},"tablet":{"background-color":"","background-image":"","background-repeat":"repeat","background-position":"center center","background-size":"auto","background-attachment":"scroll","background-type":"","background-media":"","overlay-type":"","overlay-color":"","overlay-opacity":"","overlay-gradient":""},"mobile":{"background-color":"","background-image":"","background-repeat":"repeat","background-position":"center center","background-size":"auto","background-attachment":"scroll","background-type":"","background-media":"","overlay-type":"","overlay-color":"","overlay-opacity":"","overlay-gradient":""}},"ast-content-background-meta":{"desktop":{"background-color":"var(--ast-global-color-5)","background-image":"","background-repeat":"repeat","background-position":"center center","background-size":"auto","background-attachment":"scroll","background-type":"","background-media":"","overlay-type":"","overlay-color":"","overlay-opacity":"","overlay-gradient":""},"tablet":{"background-color":"var(--ast-global-color-5)","background-image":"","background-repeat":"repeat","background-position":"center center","background-size":"auto","background-attachment":"scroll","background-type":"","background-media":"","overlay-type":"","overlay-color":"","overlay-opacity":"","overlay-gradient":""},"mobile":{"background-color":"var(--ast-global-color-5)","background-image":"","background-repeat":"repeat","background-position":"center center","background-size":"auto","background-attachment":"scroll","background-type":"","background-media":"","overlay-type":"","overlay-color":"","overlay-opacity":"","overlay-gradient":""}},"footnotes":""},"class_list":["post-24607","page","type-page","status-publish","hentry"],"uagb_featured_image_src":{"full":false,"thumbnail":false,"medium":false,"medium_large":false,"large":false,"1536x1536":false,"2048x2048":false,"trp-custom-language-flag":false,"portfolio-full":false,"portfolio-one":false,"portfolio-two":false,"portfolio-three":false,"portfolio-five":false},"uagb_author_info":{"display_name":"Cy N","author_link":"https:\/\/a4.dmpro.app\/es\/author\/cyrus\/"},"uagb_comment_info":0,"uagb_excerpt":"Managed DM Advanced Monthly Quarterly Half annual Annual Dedicated Managed Team Manual Risk-Free Messaging Customized Messaging Advanced Targeting New Followers Targeting Current Followers Targeting Location Targeting Hashtag Targeting Gender Targeting Age Targeting Influencer Targeting Hot Lead List Targeting Regular Weekly Reports Guaranteed Delivered Messages 24\/7 Email and WhatsApp Support Start Now Dedicated Managed Team Manual&hellip;","_links":{"self":[{"href":"https:\/\/a4.dmpro.app\/es\/wp-json\/wp\/v2\/pages\/24607","targetHints":{"allow":["GET"]}}],"collection":[{"href":"https:\/\/a4.dmpro.app\/es\/wp-json\/wp\/v2\/pages"}],"about":[{"href":"https:\/\/a4.dmpro.app\/es\/wp-json\/wp\/v2\/types\/page"}],"author":[{"embeddable":true,"href":"https:\/\/a4.dmpro.app\/es\/wp-json\/wp\/v2\/users\/26"}],"replies":[{"embeddable":true,"href":"https:\/\/a4.dmpro.app\/es\/wp-json\/wp\/v2\/comments?post=24607"}],"version-history":[{"count":0,"href":"https:\/\/a4.dmpro.app\/es\/wp-json\/wp\/v2\/pages\/24607\/revisions"}],"wp:attachment":[{"href":"https:\/\/a4.dmpro.app\/es\/wp-json\/wp\/v2\/media?parent=24607"}],"curies":[{"name":"wp","href":"https:\/\/api.w.org\/{rel}","templated":true}]}}