{"id":29271,"date":"2025-11-23T06:44:21","date_gmt":"2025-11-23T06:44:21","guid":{"rendered":"https:\/\/dmpro.app\/?page_id=29271"},"modified":"2025-11-25T07:34:41","modified_gmt":"2025-11-25T07:34:41","slug":"dmca-policy","status":"publish","type":"page","link":"https:\/\/a4.dmpro.app\/es\/dmca-policy\/","title":{"rendered":"Directrices para la solicitud de eliminaci\u00f3n DMCA | dmpro.app"},"content":{"rendered":"<div data-elementor-type=\"wp-page\" data-elementor-id=\"29271\" class=\"elementor elementor-29271\">\n\t\t\t\t\t\t<section class=\"elementor-section elementor-top-section elementor-element elementor-element-4b7383c1 elementor-section-stretched elementor-section-height-min-height elementor-section-items-top elementor-section-boxed elementor-section-height-default\" data-id=\"4b7383c1\" data-element_type=\"section\" data-settings=\"{&quot;stretch_section&quot;:&quot;section-stretched&quot;,&quot;background_background&quot;:&quot;classic&quot;}\">\n\t\t\t\t\t\t<div class=\"elementor-container elementor-column-gap-default\">\n\t\t\t\t\t<div class=\"elementor-column elementor-col-100 elementor-top-column elementor-element elementor-element-5f9fbeb\" data-id=\"5f9fbeb\" data-element_type=\"column\">\n\t\t\t<div class=\"elementor-widget-wrap elementor-element-populated\">\n\t\t\t\t\t\t<div class=\"elementor-element elementor-element-1a2fd601 elementor-widget elementor-widget-heading\" data-id=\"1a2fd601\" data-element_type=\"widget\" data-widget_type=\"heading.default\">\n\t\t\t\t<div class=\"elementor-widget-container\">\n\t\t\t\t\t<h1 class=\"elementor-heading-title elementor-size-default\">\nContacte con nosotros<\/h1>\t\t\t\t<\/div>\n\t\t\t\t<\/div>\n\t\t\t\t\t<\/div>\n\t\t<\/div>\n\t\t\t\t\t<\/div>\n\t\t<\/section>\n\t\t\t\t<section class=\"elementor-section elementor-top-section elementor-element elementor-element-4c5b9ac1 elementor-section-stretched elementor-section-height-min-height elementor-section-boxed elementor-section-height-default elementor-section-items-middle\" data-id=\"4c5b9ac1\" data-element_type=\"section\" data-settings=\"{&quot;stretch_section&quot;:&quot;section-stretched&quot;,&quot;background_background&quot;:&quot;classic&quot;}\">\n\t\t\t\t\t\t<div class=\"elementor-container elementor-column-gap-default\">\n\t\t\t\t\t<div class=\"elementor-column elementor-col-100 elementor-top-column elementor-element elementor-element-a459e74\" data-id=\"a459e74\" data-element_type=\"column\">\n\t\t\t<div class=\"elementor-widget-wrap elementor-element-populated\">\n\t\t\t\t\t\t<section class=\"elementor-section elementor-inner-section elementor-element elementor-element-43fae8b4 elementor-section-height-min-height elementor-section-boxed elementor-section-height-default\" data-id=\"43fae8b4\" data-element_type=\"section\" data-settings=\"{&quot;background_background&quot;:&quot;classic&quot;}\">\n\t\t\t\t\t\t<div class=\"elementor-container elementor-column-gap-default\">\n\t\t\t\t\t<div class=\"elementor-column elementor-col-100 elementor-inner-column elementor-element elementor-element-5025e63\" data-id=\"5025e63\" data-element_type=\"column\">\n\t\t\t<div class=\"elementor-widget-wrap elementor-element-populated\">\n\t\t\t\t\t\t<div class=\"elementor-element elementor-element-f2b3b8c elementor-widget__width-initial elementor-widget elementor-widget-text-editor\" data-id=\"f2b3b8c\" data-element_type=\"widget\" data-widget_type=\"text-editor.default\">\n\t\t\t\t<div class=\"elementor-widget-container\">\n\t\t\t\t\t\t\t\t\t<h1><strong>Pol\u00edtica DMCA\u00a0<\/strong><\/h1><p><strong>\u00daltima actualizaci\u00f3n: Nov 2025<\/strong><\/p><p>dmpro.app es un <strong>plataforma de b\u00fasqueda y descubrimiento de contenidos<\/strong> dise\u00f1ado para ayudar a los usuarios a encontrar creadores y conectar con ellos.<br \/>Mostramos <strong>im\u00e1genes, biograf\u00edas y enlaces p\u00fablicos<\/strong> que los creadores publican en sus propias p\u00e1ginas (por ejemplo, OnlyFans, Fanvue, Patreon, Instagram, X\/Twitter, etc.).<\/p><p>Nosotros <strong>no aloje, reproduzca ni promocione contenidos filtrados, robados, pirateados o no autorizados.<\/strong><br \/>Todo el contenido que se muestra en dmpro.app est\u00e1 destinado \u00fanicamente a fines informativos y de indexaci\u00f3n, de forma similar a como funciona un motor de b\u00fasqueda.<\/p><p>Los usuarios buscan creadores, descubren sus perfiles y son redirigidos a sus p\u00e1ginas oficiales.<br \/>Esto beneficia a los creadores al aumentar su exposici\u00f3n y dirigir a posibles suscriptores o seguidores a sus plataformas oficiales.<\/p><p>Sin embargo, si crees que alg\u00fan material de dmpro.app infringe tus derechos de autor, puedes enviar una solicitud de retirada DMCA.<\/p><hr \/><h2><strong><br \/>1. Cumplimiento de la DMCA<\/strong><\/h2><p>De conformidad con el <strong>Ley de Derechos de Autor para el Milenio Digital (DMCA)<\/strong><br \/>dmpro.app responde con prontitud a todas las reclamaciones v\u00e1lidas de infracci\u00f3n de derechos de autor.<\/p><p>Tras recibir una notificaci\u00f3n v\u00e1lida, lo haremos:<\/p><ul><li><p>Revise la reclamaci\u00f3n,<\/p><\/li><li><p>Eliminar o inhabilitar el acceso al material presuntamente infractor,<\/p><\/li><li><p>Adoptar cualquier medida adicional exigida por la ley.<\/p><\/li><\/ul><hr \/><h2><strong><br \/>2. C\u00f3mo presentar un aviso de retirada de DMCA<\/strong><\/h2><p>Para enviar una notificaci\u00f3n DMCA v\u00e1lida, env\u00ede un correo electr\u00f3nico a:<\/p><p>\ud83d\udce9 dmca@ainfluencer.com\u00a0<\/p><p>Su notificaci\u00f3n debe incluir toda la informaci\u00f3n siguiente:<\/p><h3><strong>2.1 Identificaci\u00f3n de la obra protegida<\/strong><\/h3><p>Describa la obra protegida por derechos de autor que considera que se ha infringido.<br \/>Si se trata de varias obras, incluya una lista completa.<\/p><h3><strong>2.2 Identificaci\u00f3n del material infractor<\/strong><\/h3><p>Proporcione el\/los enlace(s) o ubicaci\u00f3n(es) exacta(s) en dmpro.app donde aparece el material supuestamente infractor.<br \/>Como m\u00ednimo, debe incluir una URL directa al contenido.<\/p><h3><strong>2.3 Sus datos de contacto<\/strong><\/h3><p>Debe incluir:<\/p><ul><li><p>Nombre legal completo<\/p><\/li><li><p>Direcci\u00f3n postal<\/p><\/li><li><p>N\u00famero de tel\u00e9fono<\/p><\/li><li><p>Direcci\u00f3n de correo electr\u00f3nico<\/p><\/li><\/ul><h3><strong>2.4 Declaraciones jur\u00eddicas obligatorias<\/strong><\/h3><p>Su notificaci\u00f3n DEBE incluir textualmente el siguiente texto:<\/p><blockquote><p>\u201cPor la presente declaro que creo de buena fe que el uso controvertido del material protegido por derechos de autor no est\u00e1 autorizado por el propietario de los derechos de autor, su agente o la ley.\u201d<\/p><\/blockquote><p>y<\/p><blockquote><p>\u201cPor la presente declaro que la informaci\u00f3n contenida en esta notificaci\u00f3n es exacta y, bajo pena de perjurio, que soy el titular de los derechos de autor, o estoy autorizado para actuar en nombre del titular, de los derechos de autor o de un derecho exclusivo que supuestamente se han infringido.\u201d<\/p><\/blockquote><h3><strong>2,5 Firma<\/strong><\/h3><p>Se requiere su nombre legal completo y una firma f\u00edsica o electr\u00f3nica.<\/p><hr \/><h2><strong>3. No se tramitar\u00e1n las solicitudes incompletas<\/strong><\/h2><p>notificaciones DMCA que carezcan de alguno de los elementos obligatorios anteriores <strong>ser\u00e1 rechazado<\/strong> y no ser\u00e1n revisados.<br \/>Podemos solicitar informaci\u00f3n adicional para tramitar su solicitud.<\/p><hr \/><h2><strong><br \/>4. Reclamaciones falsas o fraudulentas<\/strong><\/h2><p>La presentaci\u00f3n de una reclamaci\u00f3n falsa o enga\u00f1osa de infracci\u00f3n de derechos de autor puede dar lugar a responsabilidades legales.<br \/>Si no est\u00e1 seguro de si su situaci\u00f3n constituye una infracci\u00f3n, le recomendamos que busque asesoramiento jur\u00eddico antes de presentar una notificaci\u00f3n.<\/p><p>dmpro.app no se hace responsable de reclamaciones inexactas o fraudulentas, y usted puede ser considerado responsable de los da\u00f1os resultantes del mal uso del proceso DMCA.<\/p><hr \/><h2><strong><br \/>5. Proceso de revisi\u00f3n y retirada<\/strong><\/h2><p>Una vez presentada una notificaci\u00f3n DMCA completa y v\u00e1lida:<\/p><ol><li><p>Revisaremos su reclamaci\u00f3n.<\/p><\/li><li><p>Si la solicitud es v\u00e1lida, se retirar\u00e1 el material o se inhabilitar\u00e1 el acceso al mismo.<\/p><\/li><li><p>En determinados casos, podemos notific\u00e1rselo al creador asociado al material.<\/p><\/li><\/ol><p>El tiempo de tramitaci\u00f3n depende del volumen de solicitudes y de la claridad de su presentaci\u00f3n.<\/p><hr \/><h2><strong><br \/>6. Contranotificaci\u00f3n (recurso)<\/strong><\/h2><p>Si cree que se ha eliminado material por error o identificaci\u00f3n err\u00f3nea, puede presentar una contranotificaci\u00f3n DMCA.<\/p><p>La contranotificaci\u00f3n debe incluir:<\/p><ul><li><p>Identificaci\u00f3n del contenido eliminado<\/p><\/li><li><p>Su nombre legal e informaci\u00f3n de contacto<\/p><\/li><li><p>La siguiente declaraci\u00f3n:<\/p><\/li><\/ul><blockquote><p>\u201cCreo de buena fe que el material fue retirado o inutilizado como consecuencia de un error o una identificaci\u00f3n err\u00f3nea\u201d.\u201d<\/p><\/blockquote><ul><li><p>Una declaraci\u00f3n aceptando la jurisdicci\u00f3n del Tribunal Federal de Distrito de EE.UU. correspondiente<\/p><\/li><li><p>Su firma electr\u00f3nica o f\u00edsica<\/p><\/li><\/ul><p>Si recibimos una Contranotificaci\u00f3n v\u00e1lida, podremos restaurar el material a menos que se inicien acciones legales.<\/p><hr \/><h2><strong><br \/>7. Notas importantes<\/strong><\/h2><ul><li><p>dmpro.app <strong>no aloja ni distribuye contenidos privados, premium o de pago.<\/strong><\/p><\/li><li><p>Indexamos la informaci\u00f3n p\u00fablica disponible sobre los creadores de forma similar a un motor de b\u00fasqueda.<\/p><\/li><li><p>Enlaces siempre <strong>redirigir a los usuarios al perfil oficial del creador<\/strong> en su plataforma original.<\/p><\/li><li><p>Los datos mostrados est\u00e1n pensados \u00fanicamente para el descubrimiento y el crecimiento del tr\u00e1fico.<\/p><\/li><\/ul><hr \/><h3><strong><br \/>Contactar con el servicio de asistencia DMCA<\/strong><\/h3><p>Todas las solicitudes DMCA deben enviarse a<\/p><p>\ud83d\udce9 dmca@ainfluencer.com\u00a0<br \/>o en\u00a0<br \/><a href=\"https:\/\/api.whatsapp.com\/send\/?phone=16476384425&amp;text&amp;type=phone_number&amp;app_absent=0\" target=\"_blank\" rel=\"noopener\">Chat de Whatsapp a trav\u00e9s del +1 (647) 638-4425<\/a><a href=\"http:\/\/wa.me\/13177624109\">.<\/a><\/p><p>No podemos tramitar retiradas a trav\u00e9s de las redes sociales o mensajes informales.<\/p>\t\t\t\t\t\t\t\t<\/div>\n\t\t\t\t<\/div>\n\t\t\t\t\t<\/div>\n\t\t<\/div>\n\t\t\t\t\t<\/div>\n\t\t<\/section>\n\t\t\t\t\t<\/div>\n\t\t<\/div>\n\t\t\t\t\t<\/div>\n\t\t<\/section>\n\t\t\t\t<section class=\"elementor-section elementor-top-section elementor-element elementor-element-644473a elementor-section-boxed elementor-section-height-default elementor-section-height-default\" data-id=\"644473a\" data-element_type=\"section\">\n\t\t\t\t\t\t<div class=\"elementor-container elementor-column-gap-default\">\n\t\t\t\t\t<div class=\"elementor-column elementor-col-100 elementor-top-column elementor-element elementor-element-daa75b8\" data-id=\"daa75b8\" data-element_type=\"column\">\n\t\t\t<div class=\"elementor-widget-wrap elementor-element-populated\">\n\t\t\t\t\t\t<div class=\"elementor-element elementor-element-7f2ba43 elementor-widget elementor-widget-text-editor\" data-id=\"7f2ba43\" data-element_type=\"widget\" data-widget_type=\"text-editor.default\">\n\t\t\t\t<div class=\"elementor-widget-container\">\n\t\t\t\t\t\t\t\t\t<script src=\"https:\/\/js-eu1.hsforms.net\/forms\/embed\/147273680.js\" defer><\/script>\n<div class=\"hs-form-frame\" data-region=\"eu1\" data-form-id=\"b1a8c5a5-60fa-4220-b433-0c1a2c39128b\" data-portal-id=\"147273680\"><\/div>\t\t\t\t\t\t\t\t<\/div>\n\t\t\t\t<\/div>\n\t\t\t\t\t<\/div>\n\t\t<\/div>\n\t\t\t\t\t<\/div>\n\t\t<\/section>\n\t\t\t\t<\/div>","protected":false},"excerpt":{"rendered":"<p>Contacto Pol\u00edtica DMCA \u00daltima actualizaci\u00f3n: Nov 2025 dmpro.app es una plataforma de b\u00fasqueda y descubrimiento de contenidos dise\u00f1ada para ayudar a los usuarios a encontrar y conectar con creadores.Mostramos im\u00e1genes, biograf\u00edas y enlaces disponibles p\u00fablicamente que los creadores publican en sus propias p\u00e1ginas (por ejemplo, OnlyFans, Fanvue, Patreon, Instagram, X\/Twitter, etc.). No alojamos, reproducimos ni promocionamos im\u00e1genes filtradas, robadas, [...]<\/p>","protected":false},"author":26,"featured_media":0,"parent":0,"menu_order":0,"comment_status":"closed","ping_status":"closed","template":"elementor_header_footer","meta":{"om_disable_all_campaigns":false,"_uag_custom_page_level_css":"","site-sidebar-layout":"no-sidebar","site-content-layout":"default","ast-site-content-layout":"default","site-content-style":"default","site-sidebar-style":"default","ast-global-header-display":"","ast-banner-title-visibility":"","ast-main-header-display":"","ast-hfb-above-header-display":"","ast-hfb-below-header-display":"","ast-hfb-mobile-header-display":"","site-post-title":"","ast-breadcrumbs-content":"","ast-featured-img":"","footer-sml-layout":"","theme-transparent-header-meta":"default","adv-header-id-meta":"","stick-header-meta":"","header-above-stick-meta":"","header-main-stick-meta":"","header-below-stick-meta":"","astra-migrate-meta-layouts":"set","ast-page-background-enabled":"default","ast-page-background-meta":{"desktop":{"background-color":"var(--ast-global-color-4)","background-image":"","background-repeat":"repeat","background-position":"center center","background-size":"auto","background-attachment":"scroll","background-type":"","background-media":"","overlay-type":"","overlay-color":"","overlay-opacity":"","overlay-gradient":""},"tablet":{"background-color":"","background-image":"","background-repeat":"repeat","background-position":"center center","background-size":"auto","background-attachment":"scroll","background-type":"","background-media":"","overlay-type":"","overlay-color":"","overlay-opacity":"","overlay-gradient":""},"mobile":{"background-color":"","background-image":"","background-repeat":"repeat","background-position":"center center","background-size":"auto","background-attachment":"scroll","background-type":"","background-media":"","overlay-type":"","overlay-color":"","overlay-opacity":"","overlay-gradient":""}},"ast-content-background-meta":{"desktop":{"background-color":"var(--ast-global-color-5)","background-image":"","background-repeat":"repeat","background-position":"center center","background-size":"auto","background-attachment":"scroll","background-type":"","background-media":"","overlay-type":"","overlay-color":"","overlay-opacity":"","overlay-gradient":""},"tablet":{"background-color":"var(--ast-global-color-5)","background-image":"","background-repeat":"repeat","background-position":"center center","background-size":"auto","background-attachment":"scroll","background-type":"","background-media":"","overlay-type":"","overlay-color":"","overlay-opacity":"","overlay-gradient":""},"mobile":{"background-color":"var(--ast-global-color-5)","background-image":"","background-repeat":"repeat","background-position":"center center","background-size":"auto","background-attachment":"scroll","background-type":"","background-media":"","overlay-type":"","overlay-color":"","overlay-opacity":"","overlay-gradient":""}},"footnotes":""},"class_list":["post-29271","page","type-page","status-publish","hentry"],"uagb_featured_image_src":{"full":false,"thumbnail":false,"medium":false,"medium_large":false,"large":false,"1536x1536":false,"2048x2048":false,"trp-custom-language-flag":false,"portfolio-full":false,"portfolio-one":false,"portfolio-two":false,"portfolio-three":false,"portfolio-five":false},"uagb_author_info":{"display_name":"Cy N","author_link":"https:\/\/a4.dmpro.app\/es\/author\/cyrus\/"},"uagb_comment_info":0,"uagb_excerpt":"Contact Us DMCA Policy\u00a0 Last Updated: Nov 2025 dmpro.app is a content discovery and search platform designed to help users find and connect with creators.We display publicly available images, bios, and links that creators publish on their own pages (e.g., OnlyFans, Fanvue, Patreon, Instagram, X\/Twitter, etc.). We do not host, reproduce, or promote leaked, stolen,&hellip;","_links":{"self":[{"href":"https:\/\/a4.dmpro.app\/es\/wp-json\/wp\/v2\/pages\/29271","targetHints":{"allow":["GET"]}}],"collection":[{"href":"https:\/\/a4.dmpro.app\/es\/wp-json\/wp\/v2\/pages"}],"about":[{"href":"https:\/\/a4.dmpro.app\/es\/wp-json\/wp\/v2\/types\/page"}],"author":[{"embeddable":true,"href":"https:\/\/a4.dmpro.app\/es\/wp-json\/wp\/v2\/users\/26"}],"replies":[{"embeddable":true,"href":"https:\/\/a4.dmpro.app\/es\/wp-json\/wp\/v2\/comments?post=29271"}],"version-history":[{"count":5,"href":"https:\/\/a4.dmpro.app\/es\/wp-json\/wp\/v2\/pages\/29271\/revisions"}],"predecessor-version":[{"id":29303,"href":"https:\/\/a4.dmpro.app\/es\/wp-json\/wp\/v2\/pages\/29271\/revisions\/29303"}],"wp:attachment":[{"href":"https:\/\/a4.dmpro.app\/es\/wp-json\/wp\/v2\/media?parent=29271"}],"curies":[{"name":"wp","href":"https:\/\/api.w.org\/{rel}","templated":true}]}}